{"id":51,"date":"2023-05-10T18:58:12","date_gmt":"2023-05-10T18:58:12","guid":{"rendered":"https:\/\/geox-innovation.eu\/?page_id=51"},"modified":"2025-07-11T13:50:11","modified_gmt":"2025-07-11T13:50:11","slug":"technologie","status":"publish","type":"page","link":"https:\/\/geox-innovation.eu\/?page_id=51","title":{"rendered":"Technologie"},"content":{"rendered":"\n<p>Die Energie- und W\u00e4rmewende  gemeinsam gestallten<\/p>\n\n\n\n<p><strong>Strategie:<\/strong> Modulare Energie-Kraftwerke vom Entwurf bis zum schl\u00fcsselfertigen Betrieb  <\/p>\n\n\n\n<p>Potentiale der Geothermie, technologieoffen mit den besten Technologien zu koppeln, ohne die klaren Priorit\u00e4ten der  zukunftstr\u00e4chtigen gr\u00fcnen \u00d6konomie zu behindern, sondern damit bestm\u00f6glich zu unterst\u00fctzen.    <\/p>\n\n\n\n<p><strong>geox innovation<\/strong> <strong>GmbH<\/strong><\/p>\n\n\n\n<p><strong>Innovation \u201eGeothermie 1.0\u201c:<\/strong> Aufbereitung, (Reinjektion der aufbereiteten Scaling, in den daf\u00fcr zugelassenen Horizont)<\/p>\n\n\n\n<p><strong>Innovation \u201eGeothermie 2.0\u201c:<\/strong> Zwischenkreis, (Variables Energiemanagement und Contracting M\u00f6glichkeit)<\/p>\n\n\n\n<p><strong>Innovation \u201eGeothermie 3.0\u201c:<\/strong> Hydromining, (Mineraliensortierung im Hydraulischen-Thermalwasserstrom)<\/p>\n\n\n\n<p><strong>Innovation \u201eGeothermie 4.0\u201c:<\/strong> Tiefenpumpensystem (mit wassergeschmierten Antriebsstrang und obert\u00e4gigen Elektromotor)<\/p>\n\n\n\n\n\n<p><\/p>\n\n\n\n<p><\/p>\n","protected":false},"excerpt":{"rendered":"<p>Die Energie- und W\u00e4rmewende gemeinsam gestallten Strategie: Modulare Energie-Kraftwerke vom Entwurf bis zum schl\u00fcsselfertigen Betrieb Potentiale der Geothermie, technologieoffen mit den besten Technologien zu koppeln, ohne die klaren Priorit\u00e4ten der zukunftstr\u00e4chtigen gr\u00fcnen \u00d6konomie zu behindern, sondern damit bestm\u00f6glich zu unterst\u00fctzen. geox innovation GmbH Innovation \u201eGeothermie 1.0\u201c: Aufbereitung, (Reinjektion der aufbereiteten Scaling, in den daf\u00fcr zugelassenen <a class=\"read-more\" href=\"https:\/\/geox-innovation.eu\/?page_id=51\">READ MORE<\/a><\/p>\n","protected":false},"author":1,"featured_media":0,"parent":0,"menu_order":0,"comment_status":"closed","ping_status":"closed","template":"","meta":{"footnotes":""},"class_list":["post-51","page","type-page","status-publish","hentry"],"_links":{"self":[{"href":"https:\/\/geox-innovation.eu\/index.php?rest_route=\/wp\/v2\/pages\/51","targetHints":{"allow":["GET"]}}],"collection":[{"href":"https:\/\/geox-innovation.eu\/index.php?rest_route=\/wp\/v2\/pages"}],"about":[{"href":"https:\/\/geox-innovation.eu\/index.php?rest_route=\/wp\/v2\/types\/page"}],"author":[{"embeddable":true,"href":"https:\/\/geox-innovation.eu\/index.php?rest_route=\/wp\/v2\/users\/1"}],"replies":[{"embeddable":true,"href":"https:\/\/geox-innovation.eu\/index.php?rest_route=%2Fwp%2Fv2%2Fcomments&post=51"}],"version-history":[{"count":9,"href":"https:\/\/geox-innovation.eu\/index.php?rest_route=\/wp\/v2\/pages\/51\/revisions"}],"predecessor-version":[{"id":249,"href":"https:\/\/geox-innovation.eu\/index.php?rest_route=\/wp\/v2\/pages\/51\/revisions\/249"}],"wp:attachment":[{"href":"https:\/\/geox-innovation.eu\/index.php?rest_route=%2Fwp%2Fv2%2Fmedia&parent=51"}],"curies":[{"name":"wp","href":"https:\/\/api.w.org\/{rel}","templated":true}]}}